{"id":9,"date":"2014-06-04T12:27:08","date_gmt":"2014-06-04T10:27:08","guid":{"rendered":"http:\/\/www.pms-design.ch\/?page_id=9"},"modified":"2023-01-23T02:49:44","modified_gmt":"2023-01-23T00:49:44","slug":"9-2","status":"publish","type":"page","link":"https:\/\/www.pms-design.ch\/?page_id=9","title":{"rendered":"\u00dcber mich"},"content":{"rendered":"<section id=\"builder-section-1401877616568\" class=\"builder-section builder-section-first builder-section-blank builder-section-last\">\n<header class=\"builder-section-header\"><strong><a href=\"http:\/\/www.pms-design.ch\/wp-content\/uploads\/2014\/06\/PMS-2015-CIS-sw1.jpg\"><img loading=\"lazy\" class=\"alignright wp-image-426 size-thumbnail\" src=\"http:\/\/www.pms-design.ch\/wp-content\/uploads\/2014\/06\/PMS-2015-CIS-sw1-250x319.jpg\" alt=\"pms-2015-cis-sw\" width=\"250\" height=\"319\" srcset=\"https:\/\/www.pms-design.ch\/wp-content\/uploads\/2014\/06\/PMS-2015-CIS-sw1-250x319.jpg 250w, https:\/\/www.pms-design.ch\/wp-content\/uploads\/2014\/06\/PMS-2015-CIS-sw1-350x447.jpg 350w, https:\/\/www.pms-design.ch\/wp-content\/uploads\/2014\/06\/PMS-2015-CIS-sw1-400x511.jpg 400w, https:\/\/www.pms-design.ch\/wp-content\/uploads\/2014\/06\/PMS-2015-CIS-sw1.jpg 411w\" sizes=\"(max-width: 250px) 100vw, 250px\" \/><\/a>Know-how<\/strong><\/header>\n<header>\u00a0<\/header>\n<header><\/header>\n<header class=\"builder-section-header\">Ich freue mich darauf, Ihre W\u00fcnsche kreativ umzusetzen, denn bereits seit Beginn meiner beruflichen Laufbahn &#8211; der Lehre bei der damaligen Werbeagentur Sulzer, Sutter &#8211; schl\u00e4gt mein Herz f\u00fcr die Werbung. Dann folgen Unternehmen, bei denen ich f\u00fcr die Gestaltung und die Produktion der unterschiedlichsten Werbemassnahmen t\u00e4tig bin. Auch die Abwicklung der gesamten Produktion sowie die Organisation und Koordination der dazugeh\u00f6rigen Promotionsmassnahmen z\u00e4hlen zu meinem Fachgebiet.<\/header>\n<header>\u00a0<\/header>\n<header class=\"builder-section-header\">Gerne berate ich Sie auf unkomplizierte Art und Weise und finde zusammen mit Ihnen die f\u00fcr Sie massgeschneiderte L\u00f6sung.<\/header>\n<header class=\"builder-section-header\">\u00a0<\/header>\n<header class=\"builder-section-header\"><strong>Engagements<\/strong><\/header>\n<header>\u00a0<\/header>\n<header><\/header>\n<header><\/header>\n<header class=\"builder-section-header\">Privat engagiere ich mich f\u00fcr verschiedene Vereine. So stehe ich \u00fcber 25 Jahren bei der <a title=\"Theatergruppe Aesch\" href=\"http:\/\/www.theater-aesch.ch\" target=\"_blank\" rel=\"noopener\">Theatergruppe Aesch<\/a> auf der B\u00fchne. Seit\u00a020 Jahren gestalte ich auch das Programmheft und bin im Vereinsvorstand aktiv.<\/header>\n<header><\/header>\n<header>\u00a0<\/header>\n<header class=\"builder-section-header\">F\u00fcr den Verein <a title=\"TEE-CLASSICS\" href=\"http:\/\/www.tee-classics.ch\" target=\"_blank\" rel=\"noopener\">TEE-CLASSICS<\/a> produzierte ich im Jahre 2008 in Eigenregie (Recherche, Drehbuch, Interviews, Schnitt, Postproduktion, DVD-Cover) den 80-min\u00fctigen Dokumentarfilm \u00abDer Einsatz der TEE-Dieseltriebz\u00fcge der NS und SBB\u00bb. W\u00e4hrend 12 Jahren trug ausserdem das Layout der Vereinszeitschrift meine Handschrift.<\/header>\n<header>\u00a0<\/header>\n<header><\/header>\n<header class=\"builder-section-header\">Ein weiteres Engagement gilt dem <a href=\"https:\/\/circus-biber.ch\/\" target=\"_blank\" rel=\"noopener\">Jugend Circus Biber<\/a>. Dieser erm\u00f6glicht jungen Talenten w\u00e4hrend der Grundschul-Zeit sich in einem kreativen Umfeld k\u00fcnstlerisch zu entfalten und ihr K\u00f6nnen einem breiten Publikum zu pr\u00e4sentieren. Hier bringe ich mich jedoch nicht mit meinem beruflichen Fachgebiet ein, sondern bin f\u00fcr die Bar verantwortlich.\u00a0<\/header>\n<\/section>\n<header><\/header>\n<header>\u00a0<\/header>\n<header>Seit 2023 darf ich zudem f\u00fcr die <a href=\"http:\/\/www.kultur-aesch-zh.ch\" target=\"_blank\" rel=\"noopener\">Kulturkommission Aesch ZH<\/a> &#8211; neben der Gestaltung der Kommunikationsmittel &#8211; auch humorvolle B\u00fchnenproduktionen ins Dorf bringen und deren Veranstaltung organisieren.<\/header>\n","protected":false},"excerpt":{"rendered":"<p> Know-how Ich freue mich darauf, Ihre W\u00fcnsche kreativ umzusetzen, denn bereits seit Beginn meiner beruflichen Laufbahn &#8211; der Lehre bei der damaligen Werbeagentur Sulzer, Sutter &#8211; schl\u00e4gt mein Herz f\u00fcr die Werbung. Dann folgen Unternehmen, bei denen ich f\u00fcr die Gestaltung und die Produktion der unterschiedlichsten Werbemassnahmen t\u00e4tig bin. Auch die Abwicklung der gesamten [&#8230;]<\/p>\n","protected":false},"author":1,"featured_media":0,"parent":0,"menu_order":0,"comment_status":"closed","ping_status":"closed","template":"","meta":[],"_links":{"self":[{"href":"https:\/\/www.pms-design.ch\/index.php?rest_route=\/wp\/v2\/pages\/9"}],"collection":[{"href":"https:\/\/www.pms-design.ch\/index.php?rest_route=\/wp\/v2\/pages"}],"about":[{"href":"https:\/\/www.pms-design.ch\/index.php?rest_route=\/wp\/v2\/types\/page"}],"author":[{"embeddable":true,"href":"https:\/\/www.pms-design.ch\/index.php?rest_route=\/wp\/v2\/users\/1"}],"replies":[{"embeddable":true,"href":"https:\/\/www.pms-design.ch\/index.php?rest_route=%2Fwp%2Fv2%2Fcomments&post=9"}],"version-history":[{"count":22,"href":"https:\/\/www.pms-design.ch\/index.php?rest_route=\/wp\/v2\/pages\/9\/revisions"}],"predecessor-version":[{"id":497,"href":"https:\/\/www.pms-design.ch\/index.php?rest_route=\/wp\/v2\/pages\/9\/revisions\/497"}],"wp:attachment":[{"href":"https:\/\/www.pms-design.ch\/index.php?rest_route=%2Fwp%2Fv2%2Fmedia&parent=9"}],"curies":[{"name":"wp","href":"https:\/\/api.w.org\/{rel}","templated":true}]}}