{"id":6,"date":"2014-06-04T12:26:13","date_gmt":"2014-06-04T10:26:13","guid":{"rendered":"http:\/\/www.pms-design.ch\/?page_id=6"},"modified":"2016-09-27T11:28:30","modified_gmt":"2016-09-27T09:28:30","slug":"6-2","status":"publish","type":"page","link":"https:\/\/www.pms-design.ch\/?page_id=6","title":{"rendered":"Philosophie"},"content":{"rendered":"<p><span style=\"color: #00859a;\">\u00abJedes Budget hat das Recht auf einen kompetenten Partner in Grafik-Design.\u00bb<\/span><\/p>\n<p>Grosse und teure Werbeagenturen gibt es viele. Doch auch wenn Ihr Werbebudget diesen Anforderungen nicht entspricht, haben Sie nat\u00fcrlich auch Anspruch auf ein sauberes und professionelles Erscheinungsbild Ihrer Unternehmung. Und genau da setze ich an. Mein Anliegen ist, dass auch der Klein- und Kleinstbetrieb die M\u00f6glichkeit hat, sich im richtigen Licht zu pr\u00e4sentieren &#8211; und zwar von der Visitenkarte \u00fcber die Beschriftung des Firmenwagens, Inserate, Ihrem Werbeflyer oder -prospekt bis zur Einladung zu\u00a0Ihren Kundenanlass oder den Tag der offenen T\u00fcr.<\/p>\n<p>Sie verstehen Ihr Handwerk &#8211; ich verstehe meines. Zusammen sind wir ein starkes Team.<\/p>\n","protected":false},"excerpt":{"rendered":"<p>\u00abJedes Budget hat das Recht auf einen kompetenten Partner in Grafik-Design.\u00bb<\/p>\n<p>Grosse und teure Werbeagenturen gibt es viele. Doch auch wenn Ihr Werbebudget diesen Anforderungen nicht entspricht, haben Sie nat\u00fcrlich auch Anspruch auf ein sauberes und professionelles Erscheinungsbild Ihrer Unternehmung. Und genau da setze ich an. Mein Anliegen ist, dass auch der Klein- und Kleinstbetrieb [&#8230;]<\/p>\n","protected":false},"author":1,"featured_media":0,"parent":0,"menu_order":0,"comment_status":"closed","ping_status":"closed","template":"","meta":[],"_links":{"self":[{"href":"https:\/\/www.pms-design.ch\/index.php?rest_route=\/wp\/v2\/pages\/6"}],"collection":[{"href":"https:\/\/www.pms-design.ch\/index.php?rest_route=\/wp\/v2\/pages"}],"about":[{"href":"https:\/\/www.pms-design.ch\/index.php?rest_route=\/wp\/v2\/types\/page"}],"author":[{"embeddable":true,"href":"https:\/\/www.pms-design.ch\/index.php?rest_route=\/wp\/v2\/users\/1"}],"replies":[{"embeddable":true,"href":"https:\/\/www.pms-design.ch\/index.php?rest_route=%2Fwp%2Fv2%2Fcomments&post=6"}],"version-history":[{"count":5,"href":"https:\/\/www.pms-design.ch\/index.php?rest_route=\/wp\/v2\/pages\/6\/revisions"}],"predecessor-version":[{"id":417,"href":"https:\/\/www.pms-design.ch\/index.php?rest_route=\/wp\/v2\/pages\/6\/revisions\/417"}],"wp:attachment":[{"href":"https:\/\/www.pms-design.ch\/index.php?rest_route=%2Fwp%2Fv2%2Fmedia&parent=6"}],"curies":[{"name":"wp","href":"https:\/\/api.w.org\/{rel}","templated":true}]}}