{"id":4,"date":"2014-06-04T12:24:57","date_gmt":"2014-06-04T10:24:57","guid":{"rendered":"http:\/\/www.pms-design.ch\/?page_id=4"},"modified":"2023-01-23T02:16:43","modified_gmt":"2023-01-23T00:16:43","slug":"angebot","status":"publish","type":"page","link":"https:\/\/www.pms-design.ch\/?page_id=4","title":{"rendered":"Angebot"},"content":{"rendered":"<p>Die Anwendungen sind so vielseitig wie das fertige Produkt und so individuell wie Ihr pers\u00f6nlicher Geschmack. Ob Flyer, Brosch\u00fcre, Plakat, Visitenkarte, eine Einladung, Speisekarte, Verpackung&#8230;\u00a0<span style=\"color: #00859a;\">kurz gesagt alles, was in irgend einer Form gedruckt werden kann<\/span>. Es gibt aber auch grafische Anwendungen, welche nicht klassisch gedruckt werden &#8211; wie zum Beispiel Firmenlogos oder Beschriftungen von Autos und Ladenlokalen. Auch diese Projekte realisiere ich gerne f\u00fcr Sie.<\/p>\n<p>Sie brauchen sich um nichts zu k\u00fcmmern. Bereits w\u00e4hrend der Entstehung der Grafik\u00a0unterbreite ich Ihnen m\u00f6gliche Lieferanten\u00a0f\u00fcr den Druck oder die Produktion. Dabei werden Ihre pers\u00f6nlichen Pr\u00e4ferenzen einbezogen (Kosten, Termin, lokaler Lieferant). Sie erhalten somit das von Ihnen gew\u00fcnschte Produkt termingerecht und ohne Umtriebe geliefert.<\/p>\n<p>Sie arbeiten bereits zufrieden mit einer Druckerei Ihrer Wahl? Dann arbeite auch ich gerne mit dieser zusammen. Ganz nach Ihren Bed\u00fcrfnissen w\u00e4hlen Sie, ob Sie die Kommunikation mit dem Lieferanten pers\u00f6nlich abwickeln m\u00f6chten &#8211; in diesem Fall liefere ich Ihnen die produktionsf\u00e4higen Daten &#8211; oder ob ich Ihnen dies bis zur Ablieferung des fertigen Produktes abnehmen darf (Offerten, Termine, Auftragserteilung, &#8230;).<\/p>\n","protected":false},"excerpt":{"rendered":"<p>Die Anwendungen sind so vielseitig wie das fertige Produkt und so individuell wie Ihr pers\u00f6nlicher Geschmack. Ob Flyer, Brosch\u00fcre, Plakat, Visitenkarte, eine Einladung, Speisekarte, Verpackung&#8230; kurz gesagt alles, was in irgend einer Form gedruckt werden kann. Es gibt aber auch grafische Anwendungen, welche nicht klassisch gedruckt werden &#8211; wie zum Beispiel Firmenlogos oder Beschriftungen von [&#8230;]<\/p>\n","protected":false},"author":1,"featured_media":0,"parent":0,"menu_order":0,"comment_status":"closed","ping_status":"closed","template":"","meta":[],"_links":{"self":[{"href":"https:\/\/www.pms-design.ch\/index.php?rest_route=\/wp\/v2\/pages\/4"}],"collection":[{"href":"https:\/\/www.pms-design.ch\/index.php?rest_route=\/wp\/v2\/pages"}],"about":[{"href":"https:\/\/www.pms-design.ch\/index.php?rest_route=\/wp\/v2\/types\/page"}],"author":[{"embeddable":true,"href":"https:\/\/www.pms-design.ch\/index.php?rest_route=\/wp\/v2\/users\/1"}],"replies":[{"embeddable":true,"href":"https:\/\/www.pms-design.ch\/index.php?rest_route=%2Fwp%2Fv2%2Fcomments&post=4"}],"version-history":[{"count":7,"href":"https:\/\/www.pms-design.ch\/index.php?rest_route=\/wp\/v2\/pages\/4\/revisions"}],"predecessor-version":[{"id":486,"href":"https:\/\/www.pms-design.ch\/index.php?rest_route=\/wp\/v2\/pages\/4\/revisions\/486"}],"wp:attachment":[{"href":"https:\/\/www.pms-design.ch\/index.php?rest_route=%2Fwp%2Fv2%2Fmedia&parent=4"}],"curies":[{"name":"wp","href":"https:\/\/api.w.org\/{rel}","templated":true}]}}