{"id":31,"date":"2014-06-04T14:42:30","date_gmt":"2014-06-04T12:42:30","guid":{"rendered":"http:\/\/www.pms-design.ch\/?page_id=31"},"modified":"2022-01-06T15:04:32","modified_gmt":"2022-01-06T13:04:32","slug":"start-home","status":"publish","type":"page","link":"https:\/\/www.pms-design.ch\/","title":{"rendered":"PMS-Design \u2013 Home"},"content":{"rendered":"<p><a href=\"http:\/\/www.pms-design.ch\/wp-content\/uploads\/2022\/01\/11-Jahre-PMS-Design.jpg\"><img loading=\"lazy\" class=\"wp-image-440 aligncenter\" src=\"http:\/\/www.pms-design.ch\/wp-content\/uploads\/2022\/01\/11-Jahre-PMS-Design-350x281.jpg\" alt=\"\" width=\"500\" height=\"401\" srcset=\"https:\/\/www.pms-design.ch\/wp-content\/uploads\/2022\/01\/11-Jahre-PMS-Design-350x281.jpg 350w, https:\/\/www.pms-design.ch\/wp-content\/uploads\/2022\/01\/11-Jahre-PMS-Design-250x201.jpg 250w, https:\/\/www.pms-design.ch\/wp-content\/uploads\/2022\/01\/11-Jahre-PMS-Design-768x616.jpg 768w, https:\/\/www.pms-design.ch\/wp-content\/uploads\/2022\/01\/11-Jahre-PMS-Design-1024x822.jpg 1024w, https:\/\/www.pms-design.ch\/wp-content\/uploads\/2022\/01\/11-Jahre-PMS-Design-400x321.jpg 400w\" sizes=\"(max-width: 500px) 100vw, 500px\" \/><\/a><\/p>\n<p>\u00dcber 11 Jahre ist PMS-Design Ihr kreativer Partner f\u00fcr s\u00e4mtliche grafischen Erzeugnisse \u2013 f\u00fcr Ihr sauberes und professionelles Erscheinungsbild.<\/p>\n<p><span style=\"color: #000000;\">Die Anwendungen und Anforderungen sind so vielseitig wie das fertige Produkt und so individuell wie Ihr pers\u00f6nlicher Geschmack. Ein Streifzug durch diese Website zeigt\u00a0anhand von Arbeitsproben eine Auswahl der M\u00f6glichkeiten.\u00a0<\/span>Und in welchem Bereich darf ich Sie unterst\u00fctzen?<\/p>\n<p>Ich freue mich auf Sie<br \/>\nPhilippe Stucki<\/p>\n","protected":false},"excerpt":{"rendered":"<p>PMS-Design: Ihr kreativer Partner f\u00fcr s\u00e4mtliche grafischen Erzeugnisse \u2013 f\u00fcr Ihr sauberes und professionelles Erscheinungsbild.<\/p>\n<p><span style=\"color: #000000;\">Die Anwendungen und Anforderungen sind so vielseitig wie das fertige Produkt und so individuell wie Ihr pers\u00f6nlicher Geschmack. Ein Streifzug durch diese Website zeigt anhand von Arbeitsproben eine Auswahl der M\u00f6glichkeiten. <\/span>Und in welchem Bereich darf ich Sie unterst\u00fctzen?<\/p>\n<p>Ich freue mich auf Sie<br \/>Philippe Stucki<\/p>\n<p> [&#8230;]<\/p>\n","protected":false},"author":1,"featured_media":0,"parent":0,"menu_order":0,"comment_status":"open","ping_status":"open","template":"","meta":[],"_links":{"self":[{"href":"https:\/\/www.pms-design.ch\/index.php?rest_route=\/wp\/v2\/pages\/31"}],"collection":[{"href":"https:\/\/www.pms-design.ch\/index.php?rest_route=\/wp\/v2\/pages"}],"about":[{"href":"https:\/\/www.pms-design.ch\/index.php?rest_route=\/wp\/v2\/types\/page"}],"author":[{"embeddable":true,"href":"https:\/\/www.pms-design.ch\/index.php?rest_route=\/wp\/v2\/users\/1"}],"replies":[{"embeddable":true,"href":"https:\/\/www.pms-design.ch\/index.php?rest_route=%2Fwp%2Fv2%2Fcomments&post=31"}],"version-history":[{"count":14,"href":"https:\/\/www.pms-design.ch\/index.php?rest_route=\/wp\/v2\/pages\/31\/revisions"}],"predecessor-version":[{"id":460,"href":"https:\/\/www.pms-design.ch\/index.php?rest_route=\/wp\/v2\/pages\/31\/revisions\/460"}],"wp:attachment":[{"href":"https:\/\/www.pms-design.ch\/index.php?rest_route=%2Fwp%2Fv2%2Fmedia&parent=31"}],"curies":[{"name":"wp","href":"https:\/\/api.w.org\/{rel}","templated":true}]}}