{"id":290,"date":"2014-09-15T02:02:24","date_gmt":"2014-09-15T00:02:24","guid":{"rendered":"http:\/\/www.pms-design.ch\/?page_id=290"},"modified":"2014-09-15T02:02:24","modified_gmt":"2014-09-15T00:02:24","slug":"interessant-fuer","status":"publish","type":"page","link":"https:\/\/www.pms-design.ch\/?page_id=290","title":{"rendered":"Interessant f\u00fcr&#8230;"},"content":{"rendered":"<p>Die angewandte HighVision-Technik erm\u00f6glicht sensationelle Perspektiven f\u00fcr verschiedenste Anwendungszwecke. Nutzen auch Sie diese neuen Blickwinkel.<\/p>\n<p><span style=\"color: #00859a;\"><strong>Immobilienmakler<\/strong><\/span><br \/>\nEndlich gelingen aussagekr\u00e4ftige Fotodokumentationen.<br \/>\nGerne \u00fcbernehme ich auf Wunsch auch die Gestaltung der Verkaufsdokumentation.<\/p>\n<p><span style=\"color: #00859a;\"><strong>Architekten und Bauunternehmen<\/strong><\/span><br \/>\nDarstellung visueller Aussichten von Wohnungen und H\u00e4usern und Pr\u00e4sentationen geplanter Bauobjekte f\u00fcr Kaufinteressenten.<\/p>\n<p><span style=\"color: #00859a;\"><strong>Firmen und Hotels<\/strong><\/span><br \/>\nEindrucksvolle Pr\u00e4sentationen Ihrer Geb\u00e4ude und G\u00e4rten.<br \/>\nGerne \u00fcbernehme ich auf Wunsch auch die Gestaltung der Verkaufsdokumentation.<\/p>\n<p><strong><span style=\"color: #00859a;\">Private<\/span><\/strong><br \/>\nEine tolle Geschenkidee!<\/p>\n<p><span style=\"color: #00859a;\"><strong>Gemeinden und Verwaltungen<\/strong><\/span><br \/>\nBilddokumentationen der Gemeindeinfrastruktur.<\/p>\n<p><span style=\"color: #00859a;\"><strong>Sonstige<\/strong><\/span><br \/>\n&#8211; Bilder von Schadenpl\u00e4tzen f\u00fcr Versicherungen.<br \/>\n&#8211; Aufnahmen von Messen, Sport- und Freizeitveranstaltungen.<br \/>\n&#8211; &#8230;<\/p>\n","protected":false},"excerpt":{"rendered":"<p>Die angewandte HighVision-Technik erm\u00f6glicht sensationelle Perspektiven f\u00fcr verschiedenste Anwendungszwecke. Nutzen auch Sie diese neuen Blickwinkel.<\/p>\n<p>Immobilienmakler Endlich gelingen aussagekr\u00e4ftige Fotodokumentationen. Gerne \u00fcbernehme ich auf Wunsch auch die Gestaltung der Verkaufsdokumentation.<\/p>\n<p>Architekten und Bauunternehmen Darstellung visueller Aussichten von Wohnungen und H\u00e4usern und Pr\u00e4sentationen geplanter Bauobjekte f\u00fcr Kaufinteressenten.<\/p>\n<p>Firmen und Hotels Eindrucksvolle Pr\u00e4sentationen Ihrer Geb\u00e4ude und G\u00e4rten. [&#8230;]<\/p>\n","protected":false},"author":1,"featured_media":0,"parent":0,"menu_order":0,"comment_status":"open","ping_status":"open","template":"","meta":[],"_links":{"self":[{"href":"https:\/\/www.pms-design.ch\/index.php?rest_route=\/wp\/v2\/pages\/290"}],"collection":[{"href":"https:\/\/www.pms-design.ch\/index.php?rest_route=\/wp\/v2\/pages"}],"about":[{"href":"https:\/\/www.pms-design.ch\/index.php?rest_route=\/wp\/v2\/types\/page"}],"author":[{"embeddable":true,"href":"https:\/\/www.pms-design.ch\/index.php?rest_route=\/wp\/v2\/users\/1"}],"replies":[{"embeddable":true,"href":"https:\/\/www.pms-design.ch\/index.php?rest_route=%2Fwp%2Fv2%2Fcomments&post=290"}],"version-history":[{"count":1,"href":"https:\/\/www.pms-design.ch\/index.php?rest_route=\/wp\/v2\/pages\/290\/revisions"}],"predecessor-version":[{"id":291,"href":"https:\/\/www.pms-design.ch\/index.php?rest_route=\/wp\/v2\/pages\/290\/revisions\/291"}],"wp:attachment":[{"href":"https:\/\/www.pms-design.ch\/index.php?rest_route=%2Fwp%2Fv2%2Fmedia&parent=290"}],"curies":[{"name":"wp","href":"https:\/\/api.w.org\/{rel}","templated":true}]}}