{"id":287,"date":"2014-09-15T01:56:37","date_gmt":"2014-09-14T23:56:37","guid":{"rendered":"http:\/\/www.pms-design.ch\/?page_id=287"},"modified":"2014-11-28T13:21:34","modified_gmt":"2014-11-28T11:21:34","slug":"preise","status":"publish","type":"page","link":"https:\/\/www.pms-design.ch\/?page_id=287","title":{"rendered":"Preise"},"content":{"rendered":"<p><strong><span style=\"color: #00859a;\">Ihre Investition<\/span><\/strong><\/p>\n<ul>\n<li>pro Immobilie:\u00a0CHF 490.-<\/li>\n<li>inklusive Anfahrtsweg bis 50 km<br \/>\nsowie ganze Kantone Thurgau, Schaffhausen und Z\u00fcrich<\/li>\n<li>inklusive digitalem Bild auf Datentr\u00e4ger<br \/>\n(alle g\u00e4ngigen Formate m\u00f6glich)<\/li>\n<li>inklusive Foto ca. 18&#215;24 cm<br \/>\n(k\u00fcrzere Seite mind. 18 cm, l\u00e4ngere Seite kann je nach Objekt\/Ausschnitt variieren)<\/li>\n<li>keine zus\u00e4tzliche Mehrwertsteuer<\/li>\n<\/ul>\n<p><strong><span style=\"color: #00859a;\">Optionen<\/span><\/strong><\/p>\n<ul>\n<li>Panoramaaufnahmen bis 360\u00b0<br \/>\nCHF 250.-<\/li>\n<li>Standortwechesl am Objekt<br \/>\nCHF\u00a0120.-<\/li>\n<li>Anfahrtsweg 50 &#8211; 100km (ausgenommen Kantone Thurgau, Schaffhausen und Z\u00fcrich)<br \/>\nCHF 50.-<\/li>\n<li>Auf Wunsch \u00fcbernehme ich f\u00fcr Sie\u00a0gerne auch die Gestaltung der dazugeh\u00f6rigen (Verkaufs-)Dokumentation<\/li>\n<\/ul>\n<p><span style=\"color: #00859a;\"><strong>Profitieren Sie von speziellen Konditionen bei Mehrfachauftr\u00e4gen.<\/strong><\/span><\/p>\n<p>&nbsp;<\/p>\n","protected":false},"excerpt":{"rendered":"<p>Ihre Investition<\/p>\n<p> pro Immobilie: CHF 490.- inklusive Anfahrtsweg bis 50 km sowie ganze Kantone Thurgau, Schaffhausen und Z\u00fcrich inklusive digitalem Bild auf Datentr\u00e4ger (alle g\u00e4ngigen Formate m\u00f6glich) inklusive Foto ca. 18&#215;24 cm (k\u00fcrzere Seite mind. 18 cm, l\u00e4ngere Seite kann je nach Objekt\/Ausschnitt variieren) keine zus\u00e4tzliche Mehrwertsteuer <\/p>\n<p>Optionen<\/p>\n<p> Panoramaaufnahmen bis 360\u00b0 CHF 250.- Standortwechesl am [&#8230;]<\/p>\n","protected":false},"author":1,"featured_media":0,"parent":0,"menu_order":0,"comment_status":"open","ping_status":"open","template":"","meta":[],"_links":{"self":[{"href":"https:\/\/www.pms-design.ch\/index.php?rest_route=\/wp\/v2\/pages\/287"}],"collection":[{"href":"https:\/\/www.pms-design.ch\/index.php?rest_route=\/wp\/v2\/pages"}],"about":[{"href":"https:\/\/www.pms-design.ch\/index.php?rest_route=\/wp\/v2\/types\/page"}],"author":[{"embeddable":true,"href":"https:\/\/www.pms-design.ch\/index.php?rest_route=\/wp\/v2\/users\/1"}],"replies":[{"embeddable":true,"href":"https:\/\/www.pms-design.ch\/index.php?rest_route=%2Fwp%2Fv2%2Fcomments&post=287"}],"version-history":[{"count":4,"href":"https:\/\/www.pms-design.ch\/index.php?rest_route=\/wp\/v2\/pages\/287\/revisions"}],"predecessor-version":[{"id":332,"href":"https:\/\/www.pms-design.ch\/index.php?rest_route=\/wp\/v2\/pages\/287\/revisions\/332"}],"wp:attachment":[{"href":"https:\/\/www.pms-design.ch\/index.php?rest_route=%2Fwp%2Fv2%2Fmedia&parent=287"}],"curies":[{"name":"wp","href":"https:\/\/api.w.org\/{rel}","templated":true}]}}